{"id":810,"date":"2025-07-21T11:01:13","date_gmt":"2025-07-21T10:01:13","guid":{"rendered":"https:\/\/lekedi-biodiversite.org\/?page_id=810"},"modified":"2025-12-18T17:06:26","modified_gmt":"2025-12-18T16:06:26","slug":"station-scientifique","status":"publish","type":"page","link":"https:\/\/lekedi-biodiversite.org\/fr\/station-scientifique\/","title":{"rendered":"Station scientifique"},"content":{"rendered":"<p><div class=\"fusion-fullwidth fullwidth-box fusion-builder-row-1 fusion-flex-container has-pattern-background has-mask-background nonhundred-percent-fullwidth non-hundred-percent-height-scrolling\" style=\"--awb-border-radius-top-left:0px;--awb-border-radius-top-right:0px;--awb-border-radius-bottom-right:0px;--awb-border-radius-bottom-left:0px;--awb-flex-wrap:wrap;\" ><div class=\"fusion-builder-row fusion-row fusion-flex-align-items-flex-start fusion-flex-content-wrap\" style=\"max-width:1248px;margin-left: calc(-4% \/ 2 );margin-right: calc(-4% \/ 2 );\"><div class=\"fusion-layout-column fusion_builder_column fusion-builder-column-0 fusion_builder_column_1_1 1_1 fusion-flex-column\" style=\"--awb-bg-size:cover;--awb-width-large:100%;--awb-margin-top-large:0px;--awb-spacing-right-large:1.92%;--awb-margin-bottom-large:50px;--awb-spacing-left-large:1.92%;--awb-width-medium:100%;--awb-order-medium:0;--awb-spacing-right-medium:1.92%;--awb-spacing-left-medium:1.92%;--awb-width-small:100%;--awb-order-small:0;--awb-spacing-right-small:1.92%;--awb-spacing-left-small:1.92%;\"><div class=\"fusion-column-wrapper fusion-column-has-shadow fusion-flex-justify-content-flex-start fusion-content-layout-column\"><div class=\"fusion-text fusion-text-1\"><p>La R\u00e9serve de la L\u00e9k\u00e9di, qui s\u2019\u00e9tend sur 14 000 hectares dans le sud-est du Gabon, constitue <strong>une v\u00e9ritable station scientifique d\u00e9di\u00e9e \u00e0 l\u2019\u00e9tude et \u00e0 la pr\u00e9servation de la flore et de la faune des for\u00eats, des marais et des savanes gabonaises<\/strong>. Elle offre un cadre naturel exceptionnel pour la recherche en biodiversit\u00e9, avec une diversit\u00e9 d\u2019habitats et d\u2019esp\u00e8ces propice au suivi \u00e9cologique et \u00e0 la production de connaissances.<\/p>\n<p>La r\u00e9serve dispose d\u2019<strong>infrastructures adapt\u00e9es<\/strong>, telles qu\u2019un laboratoire, des capacit\u00e9s d\u2019accueil pour les chercheurs, ainsi qu\u2019un lien fort avec les communaut\u00e9s locales. Ces atouts permettent de soutenir des programmes de recherche, de conservation, de formation et de sensibilisation sur le long terme.<\/p>\n<p>La Fondation a pr\u00e9c\u00e9demment accueilli des scientifiques pour l\u2019observation et l\u2019\u00e9tude des oiseaux et des insectes, et des discussions sont en cours pour les chauves-souris.<\/p>\n<\/div><\/div><\/div><\/div><\/div><div class=\"fusion-fullwidth fullwidth-box fusion-builder-row-2 fusion-flex-container has-pattern-background has-mask-background nonhundred-percent-fullwidth non-hundred-percent-height-scrolling\" style=\"--awb-border-radius-top-left:0px;--awb-border-radius-top-right:0px;--awb-border-radius-bottom-right:0px;--awb-border-radius-bottom-left:0px;--awb-flex-wrap:wrap;\" ><div class=\"fusion-builder-row fusion-row fusion-flex-align-items-flex-start fusion-flex-justify-content-center fusion-flex-content-wrap\" style=\"max-width:1248px;margin-left: calc(-4% \/ 2 );margin-right: calc(-4% \/ 2 );\"><div class=\"fusion-layout-column fusion_builder_column fusion-builder-column-1 fusion_builder_column_1_1 1_1 fusion-flex-column\" style=\"--awb-bg-size:cover;--awb-width-large:100%;--awb-margin-top-large:0px;--awb-spacing-right-large:1.92%;--awb-margin-bottom-large:50px;--awb-spacing-left-large:1.92%;--awb-width-medium:100%;--awb-order-medium:0;--awb-spacing-right-medium:1.92%;--awb-spacing-left-medium:1.92%;--awb-width-small:100%;--awb-order-small:0;--awb-spacing-right-small:1.92%;--awb-spacing-left-small:1.92%;\"><div class=\"fusion-column-wrapper fusion-column-has-shadow fusion-flex-justify-content-flex-start fusion-content-layout-column\"><div class=\"fusion-text fusion-text-2\"><h2>Une station tout \u00e9quip\u00e9e au c\u0153ur de la r\u00e9serve<\/h2>\n<p><img decoding=\"async\" class=\"tiers alignright wp-image-1185 size-fusion-600\" src=\"https:\/\/lekedi-biodiversite.org\/wp-content\/uploads\/sites\/8\/2025\/09\/FLB-HP-Missions-600x600.jpg\" alt=\"\" width=\"600\" height=\"600\" srcset=\"https:\/\/lekedi-biodiversite.org\/wp-content\/uploads\/sites\/8\/2025\/09\/FLB-HP-Missions-66x66.jpg 66w, https:\/\/lekedi-biodiversite.org\/wp-content\/uploads\/sites\/8\/2025\/09\/FLB-HP-Missions-150x150.jpg 150w, https:\/\/lekedi-biodiversite.org\/wp-content\/uploads\/sites\/8\/2025\/09\/FLB-HP-Missions-200x200.jpg 200w, https:\/\/lekedi-biodiversite.org\/wp-content\/uploads\/sites\/8\/2025\/09\/FLB-HP-Missions-300x300.jpg 300w, https:\/\/lekedi-biodiversite.org\/wp-content\/uploads\/sites\/8\/2025\/09\/FLB-HP-Missions-400x400.jpg 400w, https:\/\/lekedi-biodiversite.org\/wp-content\/uploads\/sites\/8\/2025\/09\/FLB-HP-Missions-600x600.jpg 600w, https:\/\/lekedi-biodiversite.org\/wp-content\/uploads\/sites\/8\/2025\/09\/FLB-HP-Missions-768x768.jpg 768w, https:\/\/lekedi-biodiversite.org\/wp-content\/uploads\/sites\/8\/2025\/09\/FLB-HP-Missions-800x800.jpg 800w, https:\/\/lekedi-biodiversite.org\/wp-content\/uploads\/sites\/8\/2025\/09\/FLB-HP-Missions-1024x1024.jpg 1024w, https:\/\/lekedi-biodiversite.org\/wp-content\/uploads\/sites\/8\/2025\/09\/FLB-HP-Missions.jpg 1200w\" sizes=\"(max-width: 600px) 100vw, 600px\" \/>La station scientifique permet l\u2019accueil des scientifiques qui effectuent des longs s\u00e9jours dans des conditions de confort exceptionnelles pour un site aussi isol\u00e9.<\/p>\n<p><strong>Six chambres individuelles<\/strong> et <strong>deux studios \u00e9quip\u00e9s de sanitaires privatifs<\/strong> et de <strong>climatisation<\/strong> sont compl\u00e9t\u00e9s par une cuisine collective, une buanderie et un vaste patio pour les repas.<\/p>\n<p>Une autre structure d\u2019accueil pour les s\u00e9jours plus court facilite l\u2019h\u00e9bergement d\u2019une dizaine de personne en chambre individuelle. Des sanitaires et cuisine commune ainsi qu\u2019un vaste hall compl\u00e8tent l\u2019ensemble.<\/p>\n<p>Pour la recherche, <strong>un laboratoire d\u2019analyse \u00e9quip\u00e9 est mis \u00e0 disposition ainsi qu\u2019une clinique v\u00e9t\u00e9rinaire<\/strong> et une station m\u00e9t\u00e9orologique.<\/p>\n<\/div><\/div><\/div><div class=\"fusion-layout-column fusion_builder_column fusion-builder-column-2 fusion_builder_column_2_3 2_3 fusion-flex-column\" style=\"--awb-padding-top:30px;--awb-padding-right:30px;--awb-padding-bottom:30px;--awb-padding-left:30px;--awb-overflow:hidden;--awb-bg-size:cover;--awb-border-color:var(--awb-color6);--awb-border-top:1px;--awb-border-right:1px;--awb-border-bottom:1px;--awb-border-left:1px;--awb-border-style:solid;--awb-border-radius:10px 10px 10px 10px;--awb-width-large:66.666666666667%;--awb-margin-top-large:0px;--awb-spacing-right-large:2.88%;--awb-margin-bottom-large:50px;--awb-spacing-left-large:2.88%;--awb-width-medium:66.666666666667%;--awb-order-medium:0;--awb-spacing-right-medium:2.88%;--awb-spacing-left-medium:2.88%;--awb-width-small:100%;--awb-order-small:0;--awb-spacing-right-small:1.92%;--awb-spacing-left-small:1.92%;\"><div class=\"fusion-column-wrapper fusion-column-has-shadow fusion-flex-justify-content-flex-start fusion-content-layout-column\"><div class=\"fusion-text fusion-text-3\"><h2>Publications<\/h2>\n<ul>\n<li><a href=\"https:\/\/link.springer.com\/article\/10.1007\/s00265-025-03582-8\" target=\"_blank\" rel=\"noopener\"><strong>Toward independence: maternal social status and experience shape mother\u2013infant relationships in mandrills<\/strong><\/a><br \/>\n22\/02\/2025<br \/>\nRoura-Torres B, Baniel A, Cryer A, Sauvadet L, De Pastors M, Havill G, Kreyer M, Meric de Bellefon J, Abaga S, Hart\u00e9 M, Kappeler PM*, Charpentier MJE*. 2025.<br \/>\nBehavioral Ecology &amp; Sociobiology 79: 42.<\/li>\n<li><a href=\"https:\/\/royalsocietypublishing.org\/doi\/10.1098\/rsos.240597\" target=\"_blank\" rel=\"noopener\"><strong>An early-life challenge: becoming an older sibling in wild mandrills<\/strong><\/a><br \/>\n24\/07\/2024<br \/>\nDelaunay A, Cossu-Doye O, Roura-Torres B, Sauvadet L, Huchard E*, Charpentier MJE*. 2024.<br \/>\nRoyal Society Open Science 11: 240597.<\/li>\n<li><a href=\"https:\/\/link.springer.com\/article\/10.1007\/s10329-023-01112-6\" target=\"_blank\" rel=\"noopener\"><strong>Stillbirth of a mandrill (Mandrillus sphinx) in the wild: perinatal behaviors and delivery sequences<\/strong><\/a><br \/>\n22\/12\/2023<br \/>\nRoura-Torres B, Amblard-Rambert P, Lepou P, Kappeler PM, Charpentier MJE. 2024.<br \/>\nPrimates 65(2): 75\u201380.<\/li>\n<li><a href=\"https:\/\/www.cell.com\/iscience\/fulltext\/S2589-0042(23)01978-8?_returnURL=https%3A%2F%2Flinkinghub.elsevier.com%2Fretrieve%2Fpii%2FS2589004223019788%3Fshowall%3Dtrue\" target=\"_blank\" rel=\"noopener\"><strong>Social and sexual consequences of facial femininity in a non-human primate<\/strong><\/a><br \/>\n20\/10\/2023<br \/>\nTieo S, Dezeure J, Cryer A, Lepou P, Charpentier MJE*, Renoult J*. 2023.<br \/>\niScience 26: 107901.<\/li>\n<li><a href=\"https:\/\/www.cell.com\/iscience\/fulltext\/S2589-0042(23)01435-9?_returnURL=https%3A%2F%2Flinkinghub.elsevier.com%2Fretrieve%2Fpii%2FS2589004223014359%3Fshowall%3Dtrue\" target=\"_blank\" rel=\"noopener\"><strong>Socially bonded females face more sexual coercion in a female-philopatric primate<\/strong><\/a><br \/>\n20\/10\/2023<br \/>\nSmit N, Dezeure J, Sauvadet L, Huchard E*, Charpentier MJE*. 2023.<br \/>\niScience 26: 107358.<\/li>\n<li><a href=\"https:\/\/www.sciencedirect.com\/science\/article\/pii\/S2352340923000574\" target=\"_blank\" rel=\"noopener\"><strong>The Mandrillus Face Database: A portrait image database for individual and sex recognition, and age prediction in a non-human primate<\/strong><\/a><br \/>\n04\/2023<br \/>\nTieo S, Restrepo-Ortiz C, Roura-Torres B, Hart\u00e9 M, Sauvadet L, Charpentier MJE*, Renoult J*. 2023.<br \/>\nData in Brief 47: 108939.<\/li>\n<li><a href=\"https:\/\/royalsocietypublishing.org\/doi\/10.1098\/rspb.2022.2349\" target=\"_blank\" rel=\"noopener\"><strong>Mother-to-daughter transmission of hygienic anti-parasite behaviour in mandrills<\/strong><\/a><br \/>\n08\/02\/2023<br \/>\nPoirotte C,\u00a0<u><a href=\"https:\/\/arxiv.org\/search\/q-bio?searchtype=author&amp;query=Charpentier%2C+M+J+E\" target=\"_blank\" rel=\"noopener\" data-auth=\"NotApplicable\" data-linkindex=\"0\" data-ogsc=\"\">Charpentier<\/a><\/u> MJE. 2023.<br \/>\nProceedings of the Royal Society of London B 290: 20222349.<\/li>\n<li><a href=\"https:\/\/www.sciencedirect.com\/science\/article\/abs\/pii\/S0003347222000021?via%3Dihub\" target=\"_blank\" rel=\"noopener\"><strong>Fitness effects of seasonal birth timing in a long-lived social primate living in the equatorial forest<\/strong><\/a><br \/>\n03\/2022<br \/>\nDezeure J, Charpentier MJE*, Huchard E*. 2022.<br \/>\nAnimal Behaviour 185: 113-126.<\/li>\n<li><a href=\"https:\/\/www.frontiersin.org\/journals\/ecology-and-evolution\/articles\/10.3389\/fevo.2022.931226\/full\" target=\"_blank\" rel=\"noopener\"><strong>Dynamics of intersexual dominance in a highly dimorphic primate<\/strong><\/a><br \/>\n09\/12\/2022<br \/>\nSmit N, Ngoubangoye B, Charpentier MJE*, Huchard E*. 2022.<br \/>\nFrontiers in Ecology and Evolution 10: 931226.<\/li>\n<li><a href=\"https:\/\/elifesciences.org\/articles\/79417\" target=\"_blank\" rel=\"noopener\"><strong>Mandrill mothers associate with infants who look like their own offspring using phenotype matching<\/strong><\/a><br \/>\n15\/11\/2022<br \/>\nCharpentier MJE*, Poirotte C*, Roura-Torres B, Amblard-Rambert P, Willaume E, Kappeler PM, Rousset F*, Renoult JP*. 2022.<br \/>\neLife 11: e79417.<\/li>\n<li><strong><a href=\"https:\/\/peercommunityjournal.org\/articles\/10.24072\/pcjournal.134\/\" target=\"_blank\" rel=\"noopener\">Sexual coercion in a natural mandrill population<\/a><\/strong><br \/>\n20\/06\/2022<br \/>\nSmit N, Baniel A, Roura-Torres B, Amblard-Rambert P, Charpentier MJE*, Huchard E*. 2022.<br \/>\nPeer Community Journal 2: e36.<\/li>\n<\/ul>\n<\/div><\/div><\/div><div class=\"fusion-layout-column fusion_builder_column fusion-builder-column-3 fusion_builder_column_2_3 2_3 fusion-flex-column\" style=\"--awb-padding-top:30px;--awb-padding-right:30px;--awb-padding-bottom:30px;--awb-padding-left:30px;--awb-overflow:hidden;--awb-bg-color:var(--awb-color6);--awb-bg-color-hover:var(--awb-color6);--awb-bg-size:cover;--awb-border-color:var(--awb-color6);--awb-border-style:solid;--awb-border-radius:10px 10px 10px 10px;--awb-width-large:66.666666666667%;--awb-margin-top-large:0px;--awb-spacing-right-large:2.88%;--awb-margin-bottom-large:50px;--awb-spacing-left-large:2.88%;--awb-width-medium:66.666666666667%;--awb-order-medium:0;--awb-spacing-right-medium:2.88%;--awb-spacing-left-medium:2.88%;--awb-width-small:100%;--awb-order-small:0;--awb-spacing-right-small:1.92%;--awb-spacing-left-small:1.92%;\"><div class=\"fusion-column-wrapper fusion-column-has-shadow fusion-flex-justify-content-flex-start fusion-content-layout-column\"><div class=\"fusion-title title fusion-title-1 fusion-sep-none fusion-title-text fusion-title-size-two\" style=\"--awb-text-color:var(--awb-color1);--awb-margin-bottom:0px;--awb-font-size:24px;\"><h2 class=\"fusion-title-heading title-heading-left\" style=\"margin:0;font-size:1em;\">Contact<\/h2><\/div><div class=\"fusion-text fusion-text-4\" style=\"--awb-text-color:var(--awb-color1);\"><ul>\n<li>Secr\u00e9tariat : <strong>+241 61011180<\/strong> \/ <strong>+241 77681448<\/strong><\/li>\n<li>E-mail : <span style=\"color: #ffffff\"><strong><a style=\"color: #ffffff\" href=\"mailto:direction@lekedi-biodiversite.org\">direction@lekedi-biodiversite.org<\/a><\/strong><\/span><\/li>\n<\/ul>\n<\/div><\/div><\/div><\/div><\/div><\/p>\n","protected":false},"excerpt":{"rendered":"","protected":false},"author":51,"featured_media":0,"parent":0,"menu_order":3,"comment_status":"closed","ping_status":"closed","template":"","meta":{"footnotes":""},"class_list":["post-810","page","type-page","status-publish","hentry"],"yoast_head":"<!-- This site is optimized with the Yoast SEO plugin v26.8 - https:\/\/yoast.com\/product\/yoast-seo-wordpress\/ -->\n<title>Station scientifique - Fondation L\u00e9k\u00e9di Biodiversit\u00e9<\/title>\n<meta name=\"description\" content=\"La station scientifique permet l\u2019accueil des scientifiques qui effectuent des longs s\u00e9jours dans des conditions de confort exceptionnels.\" \/>\n<meta name=\"robots\" content=\"index, follow, max-snippet:-1, max-image-preview:large, max-video-preview:-1\" \/>\n<link rel=\"canonical\" href=\"https:\/\/lekedi-biodiversite.org\/fr\/station-scientifique\/\" \/>\n<meta property=\"og:locale\" content=\"fr_FR\" \/>\n<meta property=\"og:type\" content=\"article\" \/>\n<meta property=\"og:title\" content=\"Station scientifique - Fondation L\u00e9k\u00e9di Biodiversit\u00e9\" \/>\n<meta property=\"og:description\" content=\"La station scientifique permet l\u2019accueil des scientifiques qui effectuent des longs s\u00e9jours dans des conditions de confort exceptionnels.\" \/>\n<meta property=\"og:url\" content=\"https:\/\/lekedi-biodiversite.org\/fr\/station-scientifique\/\" \/>\n<meta property=\"og:site_name\" content=\"Fondation L\u00e9k\u00e9di Biodiversit\u00e9\" \/>\n<meta property=\"article:modified_time\" content=\"2025-12-18T16:06:26+00:00\" \/>\n<meta property=\"og:image\" content=\"https:\/\/lekedi-biodiversite.org\/wp-content\/uploads\/sites\/8\/2025\/09\/FLB-HP-Missions.jpg\" \/>\n\t<meta property=\"og:image:width\" content=\"1200\" \/>\n\t<meta property=\"og:image:height\" content=\"1200\" \/>\n\t<meta property=\"og:image:type\" content=\"image\/jpeg\" \/>\n<meta name=\"twitter:card\" content=\"summary_large_image\" \/>\n<meta name=\"twitter:label1\" content=\"Dur\u00e9e de lecture estim\u00e9e\" \/>\n\t<meta name=\"twitter:data1\" content=\"4 minutes\" \/>\n<script type=\"application\/ld+json\" class=\"yoast-schema-graph\">{\"@context\":\"https:\/\/schema.org\",\"@graph\":[{\"@type\":\"WebPage\",\"@id\":\"https:\/\/lekedi-biodiversite.org\/fr\/station-scientifique\/\",\"url\":\"https:\/\/lekedi-biodiversite.org\/fr\/station-scientifique\/\",\"name\":\"Station scientifique - Fondation L\u00e9k\u00e9di Biodiversit\u00e9\",\"isPartOf\":{\"@id\":\"https:\/\/lekedi-biodiversite.org\/fr\/#website\"},\"primaryImageOfPage\":{\"@id\":\"https:\/\/lekedi-biodiversite.org\/fr\/station-scientifique\/#primaryimage\"},\"image\":{\"@id\":\"https:\/\/lekedi-biodiversite.org\/fr\/station-scientifique\/#primaryimage\"},\"thumbnailUrl\":\"https:\/\/lekedi-biodiversite.org\/wp-content\/uploads\/sites\/8\/2025\/09\/FLB-HP-Missions-600x600.jpg\",\"datePublished\":\"2025-07-21T10:01:13+00:00\",\"dateModified\":\"2025-12-18T16:06:26+00:00\",\"description\":\"La station scientifique permet l\u2019accueil des scientifiques qui effectuent des longs s\u00e9jours dans des conditions de confort exceptionnels.\",\"breadcrumb\":{\"@id\":\"https:\/\/lekedi-biodiversite.org\/fr\/station-scientifique\/#breadcrumb\"},\"inLanguage\":\"fr-FR\",\"potentialAction\":[{\"@type\":\"ReadAction\",\"target\":[\"https:\/\/lekedi-biodiversite.org\/fr\/station-scientifique\/\"]}]},{\"@type\":\"ImageObject\",\"inLanguage\":\"fr-FR\",\"@id\":\"https:\/\/lekedi-biodiversite.org\/fr\/station-scientifique\/#primaryimage\",\"url\":\"https:\/\/lekedi-biodiversite.org\/wp-content\/uploads\/sites\/8\/2025\/09\/FLB-HP-Missions-600x600.jpg\",\"contentUrl\":\"https:\/\/lekedi-biodiversite.org\/wp-content\/uploads\/sites\/8\/2025\/09\/FLB-HP-Missions-600x600.jpg\"},{\"@type\":\"BreadcrumbList\",\"@id\":\"https:\/\/lekedi-biodiversite.org\/fr\/station-scientifique\/#breadcrumb\",\"itemListElement\":[{\"@type\":\"ListItem\",\"position\":1,\"name\":\"Home\",\"item\":\"https:\/\/lekedi-biodiversite.org\/fr\/\"},{\"@type\":\"ListItem\",\"position\":2,\"name\":\"Station scientifique\"}]},{\"@type\":\"WebSite\",\"@id\":\"https:\/\/lekedi-biodiversite.org\/fr\/#website\",\"url\":\"https:\/\/lekedi-biodiversite.org\/fr\/\",\"name\":\"Fondation L\u00e9k\u00e9di Biodiversit\u00e9\",\"description\":\"Parc de la L\u00e9k\u00e9di\",\"potentialAction\":[{\"@type\":\"SearchAction\",\"target\":{\"@type\":\"EntryPoint\",\"urlTemplate\":\"https:\/\/lekedi-biodiversite.org\/fr\/?s={search_term_string}\"},\"query-input\":{\"@type\":\"PropertyValueSpecification\",\"valueRequired\":true,\"valueName\":\"search_term_string\"}}],\"inLanguage\":\"fr-FR\"}]}<\/script>\n<!-- \/ Yoast SEO plugin. -->","yoast_head_json":{"title":"Station scientifique - Fondation L\u00e9k\u00e9di Biodiversit\u00e9","description":"La station scientifique permet l\u2019accueil des scientifiques qui effectuent des longs s\u00e9jours dans des conditions de confort exceptionnels.","robots":{"index":"index","follow":"follow","max-snippet":"max-snippet:-1","max-image-preview":"max-image-preview:large","max-video-preview":"max-video-preview:-1"},"canonical":"https:\/\/lekedi-biodiversite.org\/fr\/station-scientifique\/","og_locale":"fr_FR","og_type":"article","og_title":"Station scientifique - Fondation L\u00e9k\u00e9di Biodiversit\u00e9","og_description":"La station scientifique permet l\u2019accueil des scientifiques qui effectuent des longs s\u00e9jours dans des conditions de confort exceptionnels.","og_url":"https:\/\/lekedi-biodiversite.org\/fr\/station-scientifique\/","og_site_name":"Fondation L\u00e9k\u00e9di Biodiversit\u00e9","article_modified_time":"2025-12-18T16:06:26+00:00","og_image":[{"width":1200,"height":1200,"url":"https:\/\/lekedi-biodiversite.org\/wp-content\/uploads\/sites\/8\/2025\/09\/FLB-HP-Missions.jpg","type":"image\/jpeg"}],"twitter_card":"summary_large_image","twitter_misc":{"Dur\u00e9e de lecture estim\u00e9e":"4 minutes"},"schema":{"@context":"https:\/\/schema.org","@graph":[{"@type":"WebPage","@id":"https:\/\/lekedi-biodiversite.org\/fr\/station-scientifique\/","url":"https:\/\/lekedi-biodiversite.org\/fr\/station-scientifique\/","name":"Station scientifique - Fondation L\u00e9k\u00e9di Biodiversit\u00e9","isPartOf":{"@id":"https:\/\/lekedi-biodiversite.org\/fr\/#website"},"primaryImageOfPage":{"@id":"https:\/\/lekedi-biodiversite.org\/fr\/station-scientifique\/#primaryimage"},"image":{"@id":"https:\/\/lekedi-biodiversite.org\/fr\/station-scientifique\/#primaryimage"},"thumbnailUrl":"https:\/\/lekedi-biodiversite.org\/wp-content\/uploads\/sites\/8\/2025\/09\/FLB-HP-Missions-600x600.jpg","datePublished":"2025-07-21T10:01:13+00:00","dateModified":"2025-12-18T16:06:26+00:00","description":"La station scientifique permet l\u2019accueil des scientifiques qui effectuent des longs s\u00e9jours dans des conditions de confort exceptionnels.","breadcrumb":{"@id":"https:\/\/lekedi-biodiversite.org\/fr\/station-scientifique\/#breadcrumb"},"inLanguage":"fr-FR","potentialAction":[{"@type":"ReadAction","target":["https:\/\/lekedi-biodiversite.org\/fr\/station-scientifique\/"]}]},{"@type":"ImageObject","inLanguage":"fr-FR","@id":"https:\/\/lekedi-biodiversite.org\/fr\/station-scientifique\/#primaryimage","url":"https:\/\/lekedi-biodiversite.org\/wp-content\/uploads\/sites\/8\/2025\/09\/FLB-HP-Missions-600x600.jpg","contentUrl":"https:\/\/lekedi-biodiversite.org\/wp-content\/uploads\/sites\/8\/2025\/09\/FLB-HP-Missions-600x600.jpg"},{"@type":"BreadcrumbList","@id":"https:\/\/lekedi-biodiversite.org\/fr\/station-scientifique\/#breadcrumb","itemListElement":[{"@type":"ListItem","position":1,"name":"Home","item":"https:\/\/lekedi-biodiversite.org\/fr\/"},{"@type":"ListItem","position":2,"name":"Station scientifique"}]},{"@type":"WebSite","@id":"https:\/\/lekedi-biodiversite.org\/fr\/#website","url":"https:\/\/lekedi-biodiversite.org\/fr\/","name":"Fondation L\u00e9k\u00e9di Biodiversit\u00e9","description":"Parc de la L\u00e9k\u00e9di","potentialAction":[{"@type":"SearchAction","target":{"@type":"EntryPoint","urlTemplate":"https:\/\/lekedi-biodiversite.org\/fr\/?s={search_term_string}"},"query-input":{"@type":"PropertyValueSpecification","valueRequired":true,"valueName":"search_term_string"}}],"inLanguage":"fr-FR"}]}},"_links":{"self":[{"href":"https:\/\/lekedi-biodiversite.org\/fr\/wp-json\/wp\/v2\/pages\/810","targetHints":{"allow":["GET"]}}],"collection":[{"href":"https:\/\/lekedi-biodiversite.org\/fr\/wp-json\/wp\/v2\/pages"}],"about":[{"href":"https:\/\/lekedi-biodiversite.org\/fr\/wp-json\/wp\/v2\/types\/page"}],"author":[{"embeddable":true,"href":"https:\/\/lekedi-biodiversite.org\/fr\/wp-json\/wp\/v2\/users\/51"}],"replies":[{"embeddable":true,"href":"https:\/\/lekedi-biodiversite.org\/fr\/wp-json\/wp\/v2\/comments?post=810"}],"version-history":[{"count":22,"href":"https:\/\/lekedi-biodiversite.org\/fr\/wp-json\/wp\/v2\/pages\/810\/revisions"}],"predecessor-version":[{"id":1629,"href":"https:\/\/lekedi-biodiversite.org\/fr\/wp-json\/wp\/v2\/pages\/810\/revisions\/1629"}],"wp:attachment":[{"href":"https:\/\/lekedi-biodiversite.org\/fr\/wp-json\/wp\/v2\/media?parent=810"}],"curies":[{"name":"wp","href":"https:\/\/api.w.org\/{rel}","templated":true}]}}