{"id":133,"date":"2021-11-25T12:26:23","date_gmt":"2021-11-25T11:26:23","guid":{"rendered":"https:\/\/tti.eramet.com\/?page_id=133"},"modified":"2025-12-22T15:54:50","modified_gmt":"2025-12-22T14:54:50","slug":"mentions-legales","status":"publish","type":"page","link":"https:\/\/lekedi-biodiversite.org\/fr\/mentions-legales\/","title":{"rendered":"Mentions l\u00e9gales"},"content":{"rendered":"<p>Eramet, Soci\u00e9t\u00e9 anonyme de droit fran\u00e7ais au capital de 81 085 348,00 euros immatricul\u00e9e au RCS de Paris sous le num\u00e9ro B 632 045 381.<\/p>\n<blockquote><p>Adresse du si\u00e8ge social d\u2019Eramet :<br \/>\n10, Boulevard de Grenelle<br \/>\nCS 63205<br \/>\n75015 Paris<br \/>\nFrance<br \/>\nT\u00e9l. : + 33 (0) 1 45 38 38 88<\/p><\/blockquote>\n<p>Directeur de la publication : Mme Christel BORIES<\/p>\n<h3>R\u00e9alisation et h\u00e9bergement du site<\/h3>\n<p>R\u00e9alisation, h\u00e9bergement : Eramet \u2013 10, Boulevard de Grenelle \u2013 CS 63205 \u2013 75015 Paris \u2013 France<\/p>\n<p>La Soci\u00e9t\u00e9 Eramet (ci-apr\u00e8s \u00ab\u00a0Eramet\u00a0\u00bb) offre aux visiteurs et utilisateurs (ci-apr\u00e8s \u00ab\u00a0Visiteur(s)\u00a0\u00bb) du site web \u2013\u00a0<a href=\"https:\/\/lekedi-biodiversite.org\/\">lekedi-biodiversite.org<\/a>\u00a0\u2013 l&rsquo;acc\u00e8s au pr\u00e9sent site sur la base de (et en se fiant \u00e0) votre acceptation de toutes les conditions qui suivent :<\/p>\n<h3>Propri\u00e9t\u00e9 du Site et Propri\u00e9t\u00e9 Intellectuelle<\/h3>\n<p>Eramet est le propri\u00e9taire de ce site et en assure la gestion. Eramet s\u2019efforcera d\u2019assurer la mise \u00e0 jour de ce site au moyen de proc\u00e9dures appropri\u00e9es.<\/p>\n<p>Les \u00e9l\u00e9ments appartenant \u00e0 Eramet et\/ou \u00e0 ses filiales tels que le site web, les marques, les dessins, les mod\u00e8les, les images, les textes, les photos, les logos, les chartes graphiques, les logiciels, les moteurs de recherche, les bases de donn\u00e9es, sans que cette liste ne soit exhaustive, sont la propri\u00e9t\u00e9 exclusive d\u2019Eramet. Les pr\u00e9sentes conditions d\u2019utilisation n\u2019emportent aucune cession d\u2019aucune sorte ou licence de droits de propri\u00e9t\u00e9 intellectuelle sur les \u00e9l\u00e9ments appartenant \u00e0 Eramet et\/ou \u00e0 ses filiales au b\u00e9n\u00e9fice du Visiteur ou de tout tiers. Toute repr\u00e9sentation totale ou partielle du site sans l\u2019autorisation expresse d\u2019Eramet, est interdite et constituerait une contrefa\u00e7on sanctionn\u00e9e par les articles L.335-2 et suivants du Code de la propri\u00e9t\u00e9 intellectuelle. Les marques de l\u2019\u00e9diteur du site et de ses partenaires, ainsi que les logos figurant sur le site sont des marques (semi-figuratives ou non) d\u00e9pos\u00e9es.<\/p>\n<h3>Liens hypertextes et virus<\/h3>\n<p>Le site peut inclure des liens vers d\u2019autres sites ou d\u2019autres sources Internet. Dans la mesure o\u00f9 Eramet ne peut contr\u00f4ler ces sites et ces sources externes, Eramet ne peut \u00eatre tenu pour responsable de la mise \u00e0 disposition de ces sites et sources externes, et d\u00e9cline ainsi toute responsabilit\u00e9 quant aux contenus, publicit\u00e9s, produits, services ou tout autre mat\u00e9riel disponible sur ou \u00e0 partir de ces sites ou sources externes. La d\u00e9cision d\u2019activer les liens vous appartient exclusivement. Il vous appartient \u00e9galement de prendre les pr\u00e9cautions n\u00e9cessaires pour vous assurer que le site que vous s\u00e9lectionnez ne contient pas de virus ou autre parasite de nature destructive.<\/p>\n<h3>Absence de responsabilit\u00e9 et de garantie<\/h3>\n<p>La v\u00e9racit\u00e9, la pertinence et l\u2019exhaustivit\u00e9 des informations contenues sur le site ne sont pas garanties. Ces informations ne peuvent \u00eatre interpr\u00e9t\u00e9es comme constituant une offre, une invitation ou une sollicitation en vue de l\u2019achat ou de la vente des produits ou services d\u00e9crits aux pr\u00e9sentes. L\u2019utilisation des informations et\/ou donn\u00e9es contenues dans ce site sera au risque exclusif du Visiteur. Les informations contenues sur le site sont donn\u00e9es aux seules fins d\u2019information. Bien qu\u2019Eramet s\u2019efforce de fournir un contenu fiable sur son site, il ne garantit pas que son contenu soit exempt d\u2019inexactitudes ou d\u2019omissions, et ne saurait \u00eatre tenu pour responsable des erreurs ou omissions, d\u2019une absence de disponibilit\u00e9 des informations et des services.<\/p>\n<p>Eramet se r\u00e9serve \u00e0 tout moment et sans pr\u00e9avis le droit d\u2019apporter des am\u00e9liorations et\/ou des modifications au contenu de son site. Eramet ne peut \u00eatre tenu pour responsable des dommages directs ou indirects qui pourraient r\u00e9sulter de l\u2019acc\u00e8s au site ou de l\u2019utilisation du site et\/ou de\u00a0ces informations, y compris l\u2019inaccessibilit\u00e9, les pertes de donn\u00e9es, d\u00e9t\u00e9riorations, destructions ou virus qui pourraient affecter l\u2019\u00e9quipement informatique du Visiteur et\/ou de la pr\u00e9sence de virus sur son site.<\/p>\n<p>En cons\u00e9quence l\u2019utilisateur reconna\u00eet se servir de ces informations sous sa responsabilit\u00e9 exclusive.<\/p>\n<h3>Droit applicable &#8211; Tribunaux comp\u00e9tents<\/h3>\n<p>Les pr\u00e9sentes conditions d\u2019utilisation rentrent en vigueur \u00e0 compter de leur mise en ligne et seront opposables \u00e0 la date de la premi\u00e8re utilisation du site par le Visiteur. Les pr\u00e9sentes conditions sont r\u00e9gies par le droit fran\u00e7ais. Les tribunaux fran\u00e7ais seront seuls territorialement comp\u00e9tents pour juger de tout litige (de fond et de forme) li\u00e9e \u00e0 l\u2019utilisation du pr\u00e9sent site. Il est rappel\u00e9 que le site d\u2019Eramet n\u2019est pas destin\u00e9 aux personnes relevant de juridictions dans lesquelles (en raison de la nationalit\u00e9 des personnes, de leur lieu de r\u00e9sidence ou pour toute autre raison) la diffusion de l\u2019acc\u00e8s \u00e0 ce site est interdit. Les personnes soumises \u00e0 de telles restrictions ne doivent pas acc\u00e9der au site d\u2019Eramet.<\/p>\n<h3>Information \/ contact<\/h3>\n<p>Vous pouvez nous faire remonter toutes questions en remplissant le formulaire sur <a href=\"https:\/\/lekedi-biodiversite.org\/parc-de-la-lekedi\/contact\/\">cette page<\/a> ou par courrier \u00e0 l\u2019adresse suivante :<\/p>\n<blockquote><p><strong>Eramet<\/strong><br \/>\nDirection g\u00e9n\u00e9rale \u2013 Direction de la Communication \u2013 Gestion site Web<br \/>\n10, boulevard de Grenelle<br \/>\nCS 63205<br \/>\n75015 Paris<br \/>\nFrance<\/p><\/blockquote>\n","protected":false},"excerpt":{"rendered":"<p>Eramet, Soci\u00e9t\u00e9 anonyme de droit fran\u00e7ais au capital de 81 085 348,00 euros immatricul\u00e9e au RCS de Paris sous le num\u00e9ro B 632 045 381. Adresse du si\u00e8ge social d\u2019Eramet : 10, Boulevard de Grenelle CS 63205 75015 Paris France T\u00e9l. : + 33 (0) 1 45 38 38 88<\/p>\n","protected":false},"author":4,"featured_media":0,"parent":0,"menu_order":20,"comment_status":"closed","ping_status":"closed","template":"","meta":{"footnotes":""},"class_list":["post-133","page","type-page","status-publish","hentry"],"yoast_head":"<!-- This site is optimized with the Yoast SEO plugin v26.8 - https:\/\/yoast.com\/product\/yoast-seo-wordpress\/ -->\n<title>Mentions l\u00e9gales - Fondation L\u00e9k\u00e9di Biodiversit\u00e9<\/title>\n<meta name=\"robots\" content=\"index, follow, max-snippet:-1, max-image-preview:large, max-video-preview:-1\" \/>\n<link rel=\"canonical\" href=\"https:\/\/lekedi-biodiversite.org\/fr\/mentions-legales\/\" \/>\n<meta property=\"og:locale\" content=\"fr_FR\" \/>\n<meta property=\"og:type\" content=\"article\" \/>\n<meta property=\"og:title\" content=\"Mentions l\u00e9gales - Fondation L\u00e9k\u00e9di Biodiversit\u00e9\" \/>\n<meta property=\"og:description\" content=\"Eramet, Soci\u00e9t\u00e9 anonyme de droit fran\u00e7ais au capital de 81 085 348,00 euros immatricul\u00e9e au RCS de Paris sous le num\u00e9ro B 632 045 381. Adresse du si\u00e8ge social d\u2019Eramet : 10, Boulevard de Grenelle CS 63205 75015 Paris France T\u00e9l. : + 33 (0) 1 45 38 38 88\" \/>\n<meta property=\"og:url\" content=\"https:\/\/lekedi-biodiversite.org\/fr\/mentions-legales\/\" \/>\n<meta property=\"og:site_name\" content=\"Fondation L\u00e9k\u00e9di Biodiversit\u00e9\" \/>\n<meta property=\"article:modified_time\" content=\"2025-12-22T14:54:50+00:00\" \/>\n<meta name=\"twitter:card\" content=\"summary_large_image\" \/>\n<meta name=\"twitter:label1\" content=\"Dur\u00e9e de lecture estim\u00e9e\" \/>\n\t<meta name=\"twitter:data1\" content=\"4 minutes\" \/>\n<script type=\"application\/ld+json\" class=\"yoast-schema-graph\">{\"@context\":\"https:\/\/schema.org\",\"@graph\":[{\"@type\":\"WebPage\",\"@id\":\"https:\/\/lekedi-biodiversite.org\/fr\/mentions-legales\/\",\"url\":\"https:\/\/lekedi-biodiversite.org\/fr\/mentions-legales\/\",\"name\":\"Mentions l\u00e9gales - Fondation L\u00e9k\u00e9di Biodiversit\u00e9\",\"isPartOf\":{\"@id\":\"https:\/\/lekedi-biodiversite.org\/fr\/#website\"},\"datePublished\":\"2021-11-25T11:26:23+00:00\",\"dateModified\":\"2025-12-22T14:54:50+00:00\",\"breadcrumb\":{\"@id\":\"https:\/\/lekedi-biodiversite.org\/fr\/mentions-legales\/#breadcrumb\"},\"inLanguage\":\"fr-FR\",\"potentialAction\":[{\"@type\":\"ReadAction\",\"target\":[\"https:\/\/lekedi-biodiversite.org\/fr\/mentions-legales\/\"]}]},{\"@type\":\"BreadcrumbList\",\"@id\":\"https:\/\/lekedi-biodiversite.org\/fr\/mentions-legales\/#breadcrumb\",\"itemListElement\":[{\"@type\":\"ListItem\",\"position\":1,\"name\":\"Home\",\"item\":\"https:\/\/lekedi-biodiversite.org\/fr\/\"},{\"@type\":\"ListItem\",\"position\":2,\"name\":\"Mentions l\u00e9gales\"}]},{\"@type\":\"WebSite\",\"@id\":\"https:\/\/lekedi-biodiversite.org\/fr\/#website\",\"url\":\"https:\/\/lekedi-biodiversite.org\/fr\/\",\"name\":\"Fondation L\u00e9k\u00e9di Biodiversit\u00e9\",\"description\":\"Parc de la L\u00e9k\u00e9di\",\"potentialAction\":[{\"@type\":\"SearchAction\",\"target\":{\"@type\":\"EntryPoint\",\"urlTemplate\":\"https:\/\/lekedi-biodiversite.org\/fr\/?s={search_term_string}\"},\"query-input\":{\"@type\":\"PropertyValueSpecification\",\"valueRequired\":true,\"valueName\":\"search_term_string\"}}],\"inLanguage\":\"fr-FR\"}]}<\/script>\n<!-- \/ Yoast SEO plugin. -->","yoast_head_json":{"title":"Mentions l\u00e9gales - Fondation L\u00e9k\u00e9di Biodiversit\u00e9","robots":{"index":"index","follow":"follow","max-snippet":"max-snippet:-1","max-image-preview":"max-image-preview:large","max-video-preview":"max-video-preview:-1"},"canonical":"https:\/\/lekedi-biodiversite.org\/fr\/mentions-legales\/","og_locale":"fr_FR","og_type":"article","og_title":"Mentions l\u00e9gales - Fondation L\u00e9k\u00e9di Biodiversit\u00e9","og_description":"Eramet, Soci\u00e9t\u00e9 anonyme de droit fran\u00e7ais au capital de 81 085 348,00 euros immatricul\u00e9e au RCS de Paris sous le num\u00e9ro B 632 045 381. Adresse du si\u00e8ge social d\u2019Eramet : 10, Boulevard de Grenelle CS 63205 75015 Paris France T\u00e9l. : + 33 (0) 1 45 38 38 88","og_url":"https:\/\/lekedi-biodiversite.org\/fr\/mentions-legales\/","og_site_name":"Fondation L\u00e9k\u00e9di Biodiversit\u00e9","article_modified_time":"2025-12-22T14:54:50+00:00","twitter_card":"summary_large_image","twitter_misc":{"Dur\u00e9e de lecture estim\u00e9e":"4 minutes"},"schema":{"@context":"https:\/\/schema.org","@graph":[{"@type":"WebPage","@id":"https:\/\/lekedi-biodiversite.org\/fr\/mentions-legales\/","url":"https:\/\/lekedi-biodiversite.org\/fr\/mentions-legales\/","name":"Mentions l\u00e9gales - Fondation L\u00e9k\u00e9di Biodiversit\u00e9","isPartOf":{"@id":"https:\/\/lekedi-biodiversite.org\/fr\/#website"},"datePublished":"2021-11-25T11:26:23+00:00","dateModified":"2025-12-22T14:54:50+00:00","breadcrumb":{"@id":"https:\/\/lekedi-biodiversite.org\/fr\/mentions-legales\/#breadcrumb"},"inLanguage":"fr-FR","potentialAction":[{"@type":"ReadAction","target":["https:\/\/lekedi-biodiversite.org\/fr\/mentions-legales\/"]}]},{"@type":"BreadcrumbList","@id":"https:\/\/lekedi-biodiversite.org\/fr\/mentions-legales\/#breadcrumb","itemListElement":[{"@type":"ListItem","position":1,"name":"Home","item":"https:\/\/lekedi-biodiversite.org\/fr\/"},{"@type":"ListItem","position":2,"name":"Mentions l\u00e9gales"}]},{"@type":"WebSite","@id":"https:\/\/lekedi-biodiversite.org\/fr\/#website","url":"https:\/\/lekedi-biodiversite.org\/fr\/","name":"Fondation L\u00e9k\u00e9di Biodiversit\u00e9","description":"Parc de la L\u00e9k\u00e9di","potentialAction":[{"@type":"SearchAction","target":{"@type":"EntryPoint","urlTemplate":"https:\/\/lekedi-biodiversite.org\/fr\/?s={search_term_string}"},"query-input":{"@type":"PropertyValueSpecification","valueRequired":true,"valueName":"search_term_string"}}],"inLanguage":"fr-FR"}]}},"_links":{"self":[{"href":"https:\/\/lekedi-biodiversite.org\/fr\/wp-json\/wp\/v2\/pages\/133","targetHints":{"allow":["GET"]}}],"collection":[{"href":"https:\/\/lekedi-biodiversite.org\/fr\/wp-json\/wp\/v2\/pages"}],"about":[{"href":"https:\/\/lekedi-biodiversite.org\/fr\/wp-json\/wp\/v2\/types\/page"}],"author":[{"embeddable":true,"href":"https:\/\/lekedi-biodiversite.org\/fr\/wp-json\/wp\/v2\/users\/4"}],"replies":[{"embeddable":true,"href":"https:\/\/lekedi-biodiversite.org\/fr\/wp-json\/wp\/v2\/comments?post=133"}],"version-history":[{"count":3,"href":"https:\/\/lekedi-biodiversite.org\/fr\/wp-json\/wp\/v2\/pages\/133\/revisions"}],"predecessor-version":[{"id":656,"href":"https:\/\/lekedi-biodiversite.org\/fr\/wp-json\/wp\/v2\/pages\/133\/revisions\/656"}],"wp:attachment":[{"href":"https:\/\/lekedi-biodiversite.org\/fr\/wp-json\/wp\/v2\/media?parent=133"}],"curies":[{"name":"wp","href":"https:\/\/api.w.org\/{rel}","templated":true}]}}